{"id":16359,"date":"2021-09-17T05:03:04","date_gmt":"2021-09-17T09:03:04","guid":{"rendered":"https:\/\/secretdefemmeslajosi.com\/produit\/116-glutathione-injection-range-50g\/"},"modified":"2026-02-22T17:25:27","modified_gmt":"2026-02-22T21:25:27","slug":"range-glutathione-injection-50g","status":"publish","type":"product","link":"https:\/\/secretdefemmeslajosi.com\/en\/produit\/range-glutathione-injection-50g\/","title":{"rendered":"116- Glutathione injection range 50g"},"content":{"rendered":"<h2><strong>The Glutathione Injection 50g range <\/strong>is the perfect solution to keep our skin clear and well nourished. It allows to keep the natural aspect of the skin.<\/h2>\n<h3>With the Glutathione Injection 50g range, our skin will regain the desired radiance and softness.<\/h3>\n<h3>This range<strong> includes three products necessary in your makeover<\/strong>:<\/h3>\n<ul>\n<li>The lightening serum Glutathione injection 50g 100ml<\/li>\n<\/ul>\n<h3 class=\"product_title entry-title\" style=\"text-align: center;\"><img data-recalc-dims=\"1\" loading=\"lazy\" decoding=\"async\" class=\"wp-image-11800 size-medium aligncenter\" src=\"https:\/\/i0.wp.com\/secretdefemmeslajosi.com\/wp-content\/uploads\/2021\/09\/serum6.jpg?resize=300%2C300&#038;ssl=1\" alt=\"Glutathione lightening serum injection blue\" width=\"300\" height=\"300\" srcset=\"https:\/\/i0.wp.com\/secretdefemmeslajosi.com\/wp-content\/uploads\/2021\/09\/serum6.jpg?resize=300%2C300&amp;ssl=1 300w, https:\/\/i0.wp.com\/secretdefemmeslajosi.com\/wp-content\/uploads\/2021\/09\/serum6.jpg?resize=150%2C150&amp;ssl=1 150w, https:\/\/i0.wp.com\/secretdefemmeslajosi.com\/wp-content\/uploads\/2021\/09\/serum6.jpg?resize=400%2C400&amp;ssl=1 400w, https:\/\/i0.wp.com\/secretdefemmeslajosi.com\/wp-content\/uploads\/2021\/09\/serum6.jpg?resize=200%2C200&amp;ssl=1 200w, https:\/\/i0.wp.com\/secretdefemmeslajosi.com\/wp-content\/uploads\/2021\/09\/serum6.jpg?resize=320%2C320&amp;ssl=1 320w, https:\/\/i0.wp.com\/secretdefemmeslajosi.com\/wp-content\/uploads\/2021\/09\/serum6.jpg?resize=100%2C100&amp;ssl=1 100w, https:\/\/i0.wp.com\/secretdefemmeslajosi.com\/wp-content\/uploads\/2021\/09\/serum6.jpg?resize=48%2C48&amp;ssl=1 48w, https:\/\/i0.wp.com\/secretdefemmeslajosi.com\/wp-content\/uploads\/2021\/09\/serum6.jpg?w=500&amp;ssl=1 500w\" sizes=\"auto, (max-width: 300px) 100vw, 300px\" \/><\/h3>\n<p>&nbsp;<\/p>\n<p>The serum helps to eliminate stains on all parts of the body, quickly lightens the complexion.<\/p>\n<ul>\n<li>Glutathione Lightening Soap Injection 50g of 200g adds tone to the skin<\/li>\n<\/ul>\n<p><img data-recalc-dims=\"1\" loading=\"lazy\" decoding=\"async\" class=\"wp-image-11801 size-medium aligncenter\" src=\"https:\/\/i0.wp.com\/secretdefemmeslajosi.com\/wp-content\/uploads\/2021\/09\/savon-12.jpg?resize=300%2C300&#038;ssl=1\" alt=\"Glutathione soap injection 50g\" width=\"300\" height=\"300\" srcset=\"https:\/\/i0.wp.com\/secretdefemmeslajosi.com\/wp-content\/uploads\/2021\/09\/savon-12.jpg?resize=300%2C300&amp;ssl=1 300w, https:\/\/i0.wp.com\/secretdefemmeslajosi.com\/wp-content\/uploads\/2021\/09\/savon-12.jpg?resize=150%2C150&amp;ssl=1 150w, https:\/\/i0.wp.com\/secretdefemmeslajosi.com\/wp-content\/uploads\/2021\/09\/savon-12.jpg?resize=400%2C400&amp;ssl=1 400w, https:\/\/i0.wp.com\/secretdefemmeslajosi.com\/wp-content\/uploads\/2021\/09\/savon-12.jpg?resize=200%2C200&amp;ssl=1 200w, https:\/\/i0.wp.com\/secretdefemmeslajosi.com\/wp-content\/uploads\/2021\/09\/savon-12.jpg?resize=320%2C320&amp;ssl=1 320w, https:\/\/i0.wp.com\/secretdefemmeslajosi.com\/wp-content\/uploads\/2021\/09\/savon-12.jpg?resize=100%2C100&amp;ssl=1 100w, https:\/\/i0.wp.com\/secretdefemmeslajosi.com\/wp-content\/uploads\/2021\/09\/savon-12.jpg?resize=48%2C48&amp;ssl=1 48w, https:\/\/i0.wp.com\/secretdefemmeslajosi.com\/wp-content\/uploads\/2021\/09\/savon-12.jpg?w=501&amp;ssl=1 501w\" sizes=\"auto, (max-width: 300px) 100vw, 300px\" \/><\/p>\n<p>&nbsp;<\/p>\n<p>This soap cleans the skin thoroughly. It eliminates brown spots and gives a clearer, brighter and more uniform complexion. Its main active agent guarantees a radiant, graceful skin without pimples, wrinkles and spots.<\/p>\n<ul>\n<li>The lightening milk Glutathione injection 50g of 400 ml<\/li>\n<\/ul>\n<p><img data-recalc-dims=\"1\" loading=\"lazy\" decoding=\"async\" class=\"wp-image-11805 size-medium aligncenter\" src=\"https:\/\/i0.wp.com\/secretdefemmeslajosi.com\/wp-content\/uploads\/2021\/09\/lait8.jpg?resize=300%2C300&#038;ssl=1\" alt=\"Glutathione milk injection 50g\" width=\"300\" height=\"300\" srcset=\"https:\/\/i0.wp.com\/secretdefemmeslajosi.com\/wp-content\/uploads\/2021\/09\/lait8.jpg?resize=300%2C300&amp;ssl=1 300w, https:\/\/i0.wp.com\/secretdefemmeslajosi.com\/wp-content\/uploads\/2021\/09\/lait8.jpg?resize=150%2C150&amp;ssl=1 150w, https:\/\/i0.wp.com\/secretdefemmeslajosi.com\/wp-content\/uploads\/2021\/09\/lait8.jpg?resize=400%2C400&amp;ssl=1 400w, https:\/\/i0.wp.com\/secretdefemmeslajosi.com\/wp-content\/uploads\/2021\/09\/lait8.jpg?resize=200%2C200&amp;ssl=1 200w, https:\/\/i0.wp.com\/secretdefemmeslajosi.com\/wp-content\/uploads\/2021\/09\/lait8.jpg?resize=320%2C320&amp;ssl=1 320w, https:\/\/i0.wp.com\/secretdefemmeslajosi.com\/wp-content\/uploads\/2021\/09\/lait8.jpg?resize=100%2C100&amp;ssl=1 100w, https:\/\/i0.wp.com\/secretdefemmeslajosi.com\/wp-content\/uploads\/2021\/09\/lait8.jpg?resize=48%2C48&amp;ssl=1 48w, https:\/\/i0.wp.com\/secretdefemmeslajosi.com\/wp-content\/uploads\/2021\/09\/lait8.jpg?w=500&amp;ssl=1 500w\" sizes=\"auto, (max-width: 300px) 100vw, 300px\" \/><\/p>\n<p>This milk clears, purifies and moisturizes the skin. Rich in vitamin A and E, this milk preserves your youthful skin, softens, refreshes and makes it so much more radiant.<\/p>\n<p>This range allows to eliminate certain imperfections on the skin while clearing up.<\/p>\n<p>&nbsp;<\/p>\n<h4><strong>FEATURE<\/strong><\/h4>\n<p>Ingredients: The Glutathione Injection 50g range includes: Plant extracts, alcohol, water, active antioxidant agent, without hydroquinone!<\/p>\n<p>Brand: Glutathione<\/p>\n<p>Type of skin: all type<\/p>\n<p>Quantity: 3 products of the glutathione injection range 50g all complementary<\/p>\n<p>Weight: 700 g<\/p>\n<p><span class=\"a-list-item\">Satisfaction guaranteed &#8211; <a href=\"https:\/\/secretdefemmeslajosi.com\/en\/policies-and-rules\/\">see our sales policy<\/a> <\/span><\/p>\n<p>In our store we take care to verify the return of our customers after purchase. This way we ensure the effectiveness of the products sold online or in stores. Because this is what allows us to filter all the quality products. All currently available products have been extensively tested.<\/p>\n<p>Deliveries are free in Quebec City from 1 to 3 business days and anywhere in Canada for an express delivery time of 3 to 7 days.<\/p>\n<p>\u00ab On entend par produit cosm\u00e9tique toute substance ou tout m\u00e9lange destin\u00e9 \u00e0 \u00eatre mis en contact avec les parties superficielles du corps humain (\u00e9piderme, syst\u00e8mes pileux et capillaire, ongles, l\u00e8vres et organes g\u00e9nitaux externes) ou avec les dents et les muqueuses buccales en vue, exclusivement ou principalement, de les nettoyer, de les parfumer, d&#8217;en modifier l&#8217;aspect, de les prot\u00e9ger, de les maintenir en bon \u00e9tat ou de corriger les odeurs corporelles (article 2 r\u00e8glement cosm\u00e9tique et article L.5131-1 du CSP) \u00bb<\/p>\n<p>source: <a href=\"https:\/\/www.ansm.sante.fr\/Declarer-un-effet-indesirable\/Cosmetovigilance\/Cosmetovigilance\/La-cosmetovigilance\/Liste-des-produits-cosmetiques#:~:text=On%20entend%20par%20produit%20cosm%C3%A9tique,vue%2C%20exclusivement%20ou%20principalement%2C%20de\">les produits cosm\u00e9tiques<\/a><\/p>\n","protected":false},"excerpt":{"rendered":"<p><b>The Glutathione Injection 50g range <\/b>is the perfect solution to keep our skin clear and well nourished. This range<strong> includes three products necessary in your makeover: the soap, the serum and the body milk<\/strong>.<\/p>\n","protected":false},"featured_media":15523,"comment_status":"open","ping_status":"closed","template":"","meta":{"_seopress_robots_primary_cat":"none","_seopress_titles_title":"Range glutathione injection 50g | secret of women lajosi","_seopress_titles_desc":"The Glutathione Injection 50g range is the perfect solution to keep our skin clear and well nourished.","_seopress_robots_index":"","_seopress_analysis_target_kw":"","_coblocks_attr":"","_coblocks_dimensions":"","_coblocks_responsive_height":"","_coblocks_accordion_ie_support":"","_crdt_document":"","om_disable_all_campaigns":false,"jetpack_publicize_message":"","jetpack_publicize_feature_enabled":true,"jetpack_social_post_already_shared":true,"jetpack_social_options":{"image_generator_settings":{"template":"highway","default_image_id":0,"font":"","enabled":false},"version":2},"_wpas_customize_per_network":false},"product_brand":[],"product_cat":[684157736,684157746],"product_tag":[],"class_list":{"0":"post-16359","1":"product","2":"type-product","3":"status-publish","4":"has-post-thumbnail","6":"product_cat-cosmetic-products","7":"product_cat-range","8":"thunk-woo-product-list","9":"opn-qv-enable","10":"open-woo-hover-zoom","11":"open-single-product-tab-horizontal","12":"open-shadow-","13":"open-shadow-hover-","15":"first","16":"instock","17":"sale","18":"taxable","19":"shipping-taxable","20":"purchasable","21":"product-type-simple"},"jetpack_publicize_connections":[],"jetpack_likes_enabled":true,"jetpack_sharing_enabled":true,"_links":{"self":[{"href":"https:\/\/secretdefemmeslajosi.com\/en\/wp-json\/wp\/v2\/product\/16359","targetHints":{"allow":["GET"]}}],"collection":[{"href":"https:\/\/secretdefemmeslajosi.com\/en\/wp-json\/wp\/v2\/product"}],"about":[{"href":"https:\/\/secretdefemmeslajosi.com\/en\/wp-json\/wp\/v2\/types\/product"}],"replies":[{"embeddable":true,"href":"https:\/\/secretdefemmeslajosi.com\/en\/wp-json\/wp\/v2\/comments?post=16359"}],"wp:featuredmedia":[{"embeddable":true,"href":"https:\/\/secretdefemmeslajosi.com\/en\/wp-json\/wp\/v2\/media\/15523"}],"wp:attachment":[{"href":"https:\/\/secretdefemmeslajosi.com\/en\/wp-json\/wp\/v2\/media?parent=16359"}],"wp:term":[{"taxonomy":"product_brand","embeddable":true,"href":"https:\/\/secretdefemmeslajosi.com\/en\/wp-json\/wp\/v2\/product_brand?post=16359"},{"taxonomy":"product_cat","embeddable":true,"href":"https:\/\/secretdefemmeslajosi.com\/en\/wp-json\/wp\/v2\/product_cat?post=16359"},{"taxonomy":"product_tag","embeddable":true,"href":"https:\/\/secretdefemmeslajosi.com\/en\/wp-json\/wp\/v2\/product_tag?post=16359"}],"curies":[{"name":"wp","href":"https:\/\/api.w.org\/{rel}","templated":true}]}}